{"id":18,"date":"2021-03-21T17:56:58","date_gmt":"2021-03-21T17:56:58","guid":{"rendered":"https:\/\/cano.mmkt.dev\/?page_id=18"},"modified":"2026-04-20T13:13:53","modified_gmt":"2026-04-20T11:13:53","slug":"despacho-de-abogados","status":"publish","type":"page","link":"https:\/\/canoadvocats.com\/es\/despacho-de-abogados\/","title":{"rendered":"Nosotros"},"content":{"rendered":"<p><img fetchpriority=\"high\" decoding=\"async\" class=\"lazyload\" width=\"771\" height=\"343\" src=\"data:image\/gif;base64,R0lGODlhAQABAIAAAAAAAP\/\/\/yH5BAEAAAAALAAAAAABAAEAAAIBRAA7\" data-src=\"https:\/\/canoadvocats.com\/wp-content\/uploads\/2021\/03\/us.jpg\" alt=\"Cano Advocats\" data-srcset=\"https:\/\/canoadvocats.com\/wp-content\/uploads\/2021\/03\/us.jpg 771w, https:\/\/canoadvocats.com\/wp-content\/uploads\/2021\/03\/us-768x342.jpg 768w, https:\/\/canoadvocats.com\/wp-content\/uploads\/2021\/03\/us-640x285.jpg 640w, https:\/\/canoadvocats.com\/wp-content\/uploads\/2021\/03\/us-400x178.jpg 400w, https:\/\/canoadvocats.com\/wp-content\/uploads\/2021\/03\/us-367x163.jpg 367w\" sizes=\"(max-width: 771px) 100vw, 771px\" \/><noscript><img decoding=\"async\" class=\"lazyload\" width=\"771\" height=\"343\" src=\"https:\/\/canoadvocats.com\/wp-content\/uploads\/2021\/03\/us.jpg\" alt=\"Cano Advocats\" srcset=\"https:\/\/canoadvocats.com\/wp-content\/uploads\/2021\/03\/us.jpg 771w, https:\/\/canoadvocats.com\/wp-content\/uploads\/2021\/03\/us-768x342.jpg 768w, https:\/\/canoadvocats.com\/wp-content\/uploads\/2021\/03\/us-640x285.jpg 640w, https:\/\/canoadvocats.com\/wp-content\/uploads\/2021\/03\/us-400x178.jpg 400w, https:\/\/canoadvocats.com\/wp-content\/uploads\/2021\/03\/us-367x163.jpg 367w\" sizes=\"(max-width: 771px) 100vw, 771px\" \/><\/noscript>\t\t\t\t\t\t\t\t\t\t\t\t\t\t\t<\/p>\n<h2>Sobre Nosotros: Cano Advocats<\/h2>\n<p>En\u00a0<strong>Cano Advocats<\/strong>, somos un despacho de abogados en Matar\u00f3 y el Maresme independiente, profesional y multidisciplinar que contamos con una amplia experiencia en la prestaci\u00f3n de <strong>servicios legales y de asesoramiento jur\u00eddico<\/strong> para <strong>particulares y empresas<\/strong>, abarcando las principales ramas del Derecho Civil, Laboral, Administrativo, Mercantil y Penal, tanto a nivel espa\u00f1ol como europeo.<\/p>\n<h2>Formaci\u00f3n y actualizaci\u00f3n constante<\/h2>\n<p>Nuestro equipo de abogados se mantiene en formaci\u00f3n continua, participando como ponentes y asistentes en congresos y seminarios especializados en Derecho P\u00fablico y Privado. Esto nos permite ofrecer un servicio din\u00e1mico, flexible y adaptado a la realidad legal actual.<\/p>\n<h2>Experiencia y casos de \u00e9xito<\/h2>\n<p>A lo largo de nuestra trayectoria hemos gestionado con \u00e9xito numerosos casos relacionados con:<\/p>\n<ul>\n<li><a href=\"https:\/\/canoadvocats.com\/es\/servicios-bufete-abogados\/abogado-civil-mataro\/responsabilidad-civil-abogados-seguros\/\"><strong>Derecho de Seguros y Responsabilidad Civil<\/strong><\/a><\/li>\n<li><strong><a href=\"https:\/\/canoadvocats.com\/es\/servicios-bufete-abogados\/abogado-civil-mataro\/abogados-especialistas-herencias-sucesiones\/\">Derecho de Sucesiones<\/a> y <a href=\"https:\/\/canoadvocats.com\/es\/servicios-bufete-abogados\/abogado-civil-mataro\/abogado-de-familia\/\">de Familia<\/a><\/strong><\/li>\n<li><strong>Nulidad de cl\u00e1usulas suelo<\/strong><\/li>\n<li><strong>Participaciones preferentes y\u00a0<a href=\"https:\/\/canoadvocats.com\/es\/servicios-bufete-abogados\/abogado-civil-mataro\/abogados-bancarios\/\" target=\"_blank\" rel=\"noopener\">reclamaciones bancarias<\/a><\/strong><\/li>\n<\/ul>\n<p>Entre otras especialidades.<\/p>\n<h2>Despacho de abogados en Matar\u00f3 y Maresme<\/h2>\n<p>Nos encontramos en Sant Andreu de Llavaneres, (Barcelona), en el coraz\u00f3n del Maresme, muy cerca de <strong>Matar\u00f3<\/strong>. Nuestro objetivo es ofrecer un <strong>asesoramiento legal personalizado y de confianza<\/strong>, adaptado a las necesidades espec\u00edficas de cada cliente.<br \/><a href=\"https:\/\/canoadvocats.com\/es\/contacto-abogados-maresme\/\">Contacte con nosotros<\/a>\u00a0 y le ayudaremos a defender sus derechos con el m\u00e1ximo rigor y profesionalidad.<\/p>\n<figure class='gallery-item'>\n\t\t\t\t<a data-elementor-open-lightbox=\"yes\" data-elementor-lightbox-slideshow=\"d931603\" data-elementor-lightbox-title=\"abogado-accidente-tr\u00e1fico\" data-e-action-hash=\"#elementor-action%3Aaction%3Dlightbox%26settings%3DeyJpZCI6MjM0LCJ1cmwiOiJodHRwczpcL1wvY2Fub2Fkdm9jYXRzLmNvbVwvd3AtY29udGVudFwvdXBsb2Fkc1wvMjAyMVwvMDNcL0Nhbm81LmpwZyIsInNsaWRlc2hvdyI6ImQ5MzE2MDMifQ%3D%3D\" href='https:\/\/canoadvocats.com\/wp-content\/uploads\/2021\/03\/Cano5.jpg'><img class=\"lazyload\" width=\"150\" height=\"150\" src=\"data:image\/gif;base64,R0lGODlhAQABAIAAAAAAAP\/\/\/yH5BAEAAAAALAAAAAABAAEAAAIBRAA7\" data-src=\"https:\/\/canoadvocats.com\/wp-content\/uploads\/2021\/03\/Cano5-150x150.jpg\" alt=\"abogado accidente de tr\u00e1fico\" decoding=\"async\" \/><noscript><img loading=\"lazy\" class=\"lazyload\" width=\"150\" height=\"150\" src=\"https:\/\/canoadvocats.com\/wp-content\/uploads\/2021\/03\/Cano5-150x150.jpg\" alt=\"abogado accidente de tr\u00e1fico\" decoding=\"async\" \/><\/noscript><\/a><br \/>\n\t\t\t<\/figure>\n<figure class='gallery-item'>\n\t\t\t\t<a data-elementor-open-lightbox=\"yes\" data-elementor-lightbox-slideshow=\"d931603\" data-elementor-lightbox-title=\"abogados-administrativos\" data-e-action-hash=\"#elementor-action%3Aaction%3Dlightbox%26settings%3DeyJpZCI6MjM1LCJ1cmwiOiJodHRwczpcL1wvY2Fub2Fkdm9jYXRzLmNvbVwvd3AtY29udGVudFwvdXBsb2Fkc1wvMjAyMVwvMDNcL0Nhbm8xMC5qcGciLCJzbGlkZXNob3ciOiJkOTMxNjAzIn0%3D\" href='https:\/\/canoadvocats.com\/wp-content\/uploads\/2021\/03\/Cano10.jpg'><img loading=\"lazy\" class=\"lazyload\" width=\"150\" height=\"150\" src=\"data:image\/gif;base64,R0lGODlhAQABAIAAAAAAAP\/\/\/yH5BAEAAAAALAAAAAABAAEAAAIBRAA7\" data-src=\"https:\/\/canoadvocats.com\/wp-content\/uploads\/2021\/03\/Cano10-150x150.jpg\" alt=\"abogados administrativos\" decoding=\"async\" \/><noscript><img loading=\"lazy\" class=\"lazyload\" width=\"150\" height=\"150\" src=\"https:\/\/canoadvocats.com\/wp-content\/uploads\/2021\/03\/Cano10-150x150.jpg\" alt=\"abogados administrativos\" decoding=\"async\" \/><\/noscript><\/a><br \/>\n\t\t\t<\/figure>\n<figure class='gallery-item'>\n\t\t\t\t<a data-elementor-open-lightbox=\"yes\" data-elementor-lightbox-slideshow=\"d931603\" data-elementor-lightbox-title=\"servicios-de-abogados\" data-e-action-hash=\"#elementor-action%3Aaction%3Dlightbox%26settings%3DeyJpZCI6MjM2LCJ1cmwiOiJodHRwczpcL1wvY2Fub2Fkdm9jYXRzLmNvbVwvd3AtY29udGVudFwvdXBsb2Fkc1wvMjAyMVwvMDNcL0Nhbm8xNi0yLmpwZyIsInNsaWRlc2hvdyI6ImQ5MzE2MDMifQ%3D%3D\" href='https:\/\/canoadvocats.com\/wp-content\/uploads\/2021\/03\/Cano16-2.jpg'><img loading=\"lazy\" class=\"lazyload\" width=\"150\" height=\"150\" src=\"data:image\/gif;base64,R0lGODlhAQABAIAAAAAAAP\/\/\/yH5BAEAAAAALAAAAAABAAEAAAIBRAA7\" data-src=\"https:\/\/canoadvocats.com\/wp-content\/uploads\/2021\/03\/Cano16-2-150x150.jpg\" alt=\"servicios de abogados\" decoding=\"async\" \/><noscript><img loading=\"lazy\" class=\"lazyload\" width=\"150\" height=\"150\" src=\"https:\/\/canoadvocats.com\/wp-content\/uploads\/2021\/03\/Cano16-2-150x150.jpg\" alt=\"servicios de abogados\" decoding=\"async\" \/><\/noscript><\/a><br \/>\n\t\t\t<\/figure>\n<figure class='gallery-item'>\n\t\t\t\t<a data-elementor-open-lightbox=\"yes\" data-elementor-lightbox-slideshow=\"d931603\" data-elementor-lightbox-title=\"contactar-abogado\" data-e-action-hash=\"#elementor-action%3Aaction%3Dlightbox%26settings%3DeyJpZCI6MjM3LCJ1cmwiOiJodHRwczpcL1wvY2Fub2Fkdm9jYXRzLmNvbVwvd3AtY29udGVudFwvdXBsb2Fkc1wvMjAyMVwvMDNcL0Nhbm8xOC5qcGciLCJzbGlkZXNob3ciOiJkOTMxNjAzIn0%3D\" href='https:\/\/canoadvocats.com\/wp-content\/uploads\/2021\/03\/Cano18.jpg'><img loading=\"lazy\" class=\"lazyload\" width=\"150\" height=\"150\" src=\"data:image\/gif;base64,R0lGODlhAQABAIAAAAAAAP\/\/\/yH5BAEAAAAALAAAAAABAAEAAAIBRAA7\" data-src=\"https:\/\/canoadvocats.com\/wp-content\/uploads\/2021\/03\/Cano18-150x150.jpg\" alt=\"contactar abogado\" decoding=\"async\" \/><noscript><img loading=\"lazy\" class=\"lazyload\" width=\"150\" height=\"150\" src=\"https:\/\/canoadvocats.com\/wp-content\/uploads\/2021\/03\/Cano18-150x150.jpg\" alt=\"contactar abogado\" decoding=\"async\" \/><\/noscript><\/a><br \/>\n\t\t\t<\/figure>\n<figure class='gallery-item'>\n\t\t\t\t<a data-elementor-open-lightbox=\"yes\" data-elementor-lightbox-slideshow=\"d931603\" data-elementor-lightbox-title=\"abogado-laboralista-mataro\" data-e-action-hash=\"#elementor-action%3Aaction%3Dlightbox%26settings%3DeyJpZCI6MjM4LCJ1cmwiOiJodHRwczpcL1wvY2Fub2Fkdm9jYXRzLmNvbVwvd3AtY29udGVudFwvdXBsb2Fkc1wvMjAyMVwvMDNcL0Nhbm8yOC5qcGciLCJzbGlkZXNob3ciOiJkOTMxNjAzIn0%3D\" href='https:\/\/canoadvocats.com\/wp-content\/uploads\/2021\/03\/Cano28.jpg'><img loading=\"lazy\" class=\"lazyload\" width=\"150\" height=\"150\" src=\"data:image\/gif;base64,R0lGODlhAQABAIAAAAAAAP\/\/\/yH5BAEAAAAALAAAAAABAAEAAAIBRAA7\" data-src=\"https:\/\/canoadvocats.com\/wp-content\/uploads\/2021\/03\/Cano28-150x150.jpg\" alt=\"abogado laboralista mataro\" decoding=\"async\" \/><noscript><img loading=\"lazy\" class=\"lazyload\" width=\"150\" height=\"150\" src=\"https:\/\/canoadvocats.com\/wp-content\/uploads\/2021\/03\/Cano28-150x150.jpg\" alt=\"abogado laboralista mataro\" decoding=\"async\" \/><\/noscript><\/a><br \/>\n\t\t\t<\/figure>\n<figure class='gallery-item'>\n\t\t\t\t<a data-elementor-open-lightbox=\"yes\" data-elementor-lightbox-slideshow=\"d931603\" data-elementor-lightbox-title=\"abogado-penal-mataro\" data-e-action-hash=\"#elementor-action%3Aaction%3Dlightbox%26settings%3DeyJpZCI6MjM5LCJ1cmwiOiJodHRwczpcL1wvY2Fub2Fkdm9jYXRzLmNvbVwvd3AtY29udGVudFwvdXBsb2Fkc1wvMjAyMVwvMDNcL0Nhbm8zMi5qcGciLCJzbGlkZXNob3ciOiJkOTMxNjAzIn0%3D\" href='https:\/\/canoadvocats.com\/wp-content\/uploads\/2021\/03\/Cano32.jpg'><img loading=\"lazy\" class=\"lazyload\" width=\"150\" height=\"150\" src=\"data:image\/gif;base64,R0lGODlhAQABAIAAAAAAAP\/\/\/yH5BAEAAAAALAAAAAABAAEAAAIBRAA7\" data-src=\"https:\/\/canoadvocats.com\/wp-content\/uploads\/2021\/03\/Cano32-150x150.jpg\" alt=\"abogado penal mataro\" decoding=\"async\" \/><noscript><img loading=\"lazy\" class=\"lazyload\" width=\"150\" height=\"150\" src=\"https:\/\/canoadvocats.com\/wp-content\/uploads\/2021\/03\/Cano32-150x150.jpg\" alt=\"abogado penal mataro\" decoding=\"async\" \/><\/noscript><\/a><br \/>\n\t\t\t<\/figure>\n<figure class='gallery-item'>\n\t\t\t\t<a data-elementor-open-lightbox=\"yes\" data-elementor-lightbox-slideshow=\"d931603\" data-elementor-lightbox-title=\"bufete-abogados-mataro\" data-e-action-hash=\"#elementor-action%3Aaction%3Dlightbox%26settings%3DeyJpZCI6MjQwLCJ1cmwiOiJodHRwczpcL1wvY2Fub2Fkdm9jYXRzLmNvbVwvd3AtY29udGVudFwvdXBsb2Fkc1wvMjAyMVwvMDNcL0Nhbm8zNS5qcGciLCJzbGlkZXNob3ciOiJkOTMxNjAzIn0%3D\" href='https:\/\/canoadvocats.com\/wp-content\/uploads\/2021\/03\/Cano35.jpg'><img loading=\"lazy\" class=\"lazyload\" width=\"150\" height=\"150\" src=\"data:image\/gif;base64,R0lGODlhAQABAIAAAAAAAP\/\/\/yH5BAEAAAAALAAAAAABAAEAAAIBRAA7\" data-src=\"https:\/\/canoadvocats.com\/wp-content\/uploads\/2021\/03\/Cano35-150x150.jpg\" alt=\"bufete abogados mataro\" decoding=\"async\" \/><noscript><img loading=\"lazy\" class=\"lazyload\" width=\"150\" height=\"150\" src=\"https:\/\/canoadvocats.com\/wp-content\/uploads\/2021\/03\/Cano35-150x150.jpg\" alt=\"bufete abogados mataro\" decoding=\"async\" \/><\/noscript><\/a><br \/>\n\t\t\t<\/figure>\n<figure class='gallery-item'>\n\t\t\t\t<a data-elementor-open-lightbox=\"yes\" data-elementor-lightbox-slideshow=\"d931603\" data-elementor-lightbox-title=\"abogado-laboralista\" data-e-action-hash=\"#elementor-action%3Aaction%3Dlightbox%26settings%3DeyJpZCI6MjQxLCJ1cmwiOiJodHRwczpcL1wvY2Fub2Fkdm9jYXRzLmNvbVwvd3AtY29udGVudFwvdXBsb2Fkc1wvMjAyMVwvMDNcL0RTQzA3MTI5LmpwZyIsInNsaWRlc2hvdyI6ImQ5MzE2MDMifQ%3D%3D\" href='https:\/\/canoadvocats.com\/wp-content\/uploads\/2021\/03\/DSC07129.jpg'><img loading=\"lazy\" class=\"lazyload\" width=\"150\" height=\"150\" src=\"data:image\/gif;base64,R0lGODlhAQABAIAAAAAAAP\/\/\/yH5BAEAAAAALAAAAAABAAEAAAIBRAA7\" data-src=\"https:\/\/canoadvocats.com\/wp-content\/uploads\/2021\/03\/DSC07129-150x150.jpg\" alt=\"abogado laboralista\" decoding=\"async\" \/><noscript><img loading=\"lazy\" class=\"lazyload\" width=\"150\" height=\"150\" src=\"https:\/\/canoadvocats.com\/wp-content\/uploads\/2021\/03\/DSC07129-150x150.jpg\" alt=\"abogado laboralista\" decoding=\"async\" \/><\/noscript><\/a><br \/>\n\t\t\t<\/figure>\n<figure class='gallery-item'>\n\t\t\t\t<a data-elementor-open-lightbox=\"yes\" data-elementor-lightbox-slideshow=\"d931603\" data-elementor-lightbox-title=\"abogado-penal\" data-e-action-hash=\"#elementor-action%3Aaction%3Dlightbox%26settings%3DeyJpZCI6MjQyLCJ1cmwiOiJodHRwczpcL1wvY2Fub2Fkdm9jYXRzLmNvbVwvd3AtY29udGVudFwvdXBsb2Fkc1wvMjAyMVwvMDNcL0RTQzA3MTM3LmpwZyIsInNsaWRlc2hvdyI6ImQ5MzE2MDMifQ%3D%3D\" href='https:\/\/canoadvocats.com\/wp-content\/uploads\/2021\/03\/DSC07137.jpg'><img loading=\"lazy\" class=\"lazyload\" width=\"150\" height=\"150\" src=\"data:image\/gif;base64,R0lGODlhAQABAIAAAAAAAP\/\/\/yH5BAEAAAAALAAAAAABAAEAAAIBRAA7\" data-src=\"https:\/\/canoadvocats.com\/wp-content\/uploads\/2021\/03\/DSC07137-150x150.jpg\" alt=\"abogado penal\" decoding=\"async\" \/><noscript><img loading=\"lazy\" class=\"lazyload\" width=\"150\" height=\"150\" src=\"https:\/\/canoadvocats.com\/wp-content\/uploads\/2021\/03\/DSC07137-150x150.jpg\" alt=\"abogado penal\" decoding=\"async\" \/><\/noscript><\/a><br \/>\n\t\t\t<\/figure>\n<figure class='gallery-item'>\n\t\t\t\t<a data-elementor-open-lightbox=\"yes\" data-elementor-lightbox-slideshow=\"d931603\" data-elementor-lightbox-title=\"abogado-civil\" data-e-action-hash=\"#elementor-action%3Aaction%3Dlightbox%26settings%3DeyJpZCI6MjQzLCJ1cmwiOiJodHRwczpcL1wvY2Fub2Fkdm9jYXRzLmNvbVwvd3AtY29udGVudFwvdXBsb2Fkc1wvMjAyMVwvMDNcL0RTQzA3MTUzLmpwZyIsInNsaWRlc2hvdyI6ImQ5MzE2MDMifQ%3D%3D\" href='https:\/\/canoadvocats.com\/wp-content\/uploads\/2021\/03\/DSC07153.jpg'><img loading=\"lazy\" class=\"lazyload\" width=\"150\" height=\"150\" src=\"data:image\/gif;base64,R0lGODlhAQABAIAAAAAAAP\/\/\/yH5BAEAAAAALAAAAAABAAEAAAIBRAA7\" data-src=\"https:\/\/canoadvocats.com\/wp-content\/uploads\/2021\/03\/DSC07153-150x150.jpg\" alt=\"abogado derecho civil\" decoding=\"async\" \/><noscript><img loading=\"lazy\" class=\"lazyload\" width=\"150\" height=\"150\" src=\"https:\/\/canoadvocats.com\/wp-content\/uploads\/2021\/03\/DSC07153-150x150.jpg\" alt=\"abogado derecho civil\" decoding=\"async\" \/><\/noscript><\/a><br \/>\n\t\t\t<\/figure>\n<figure class='gallery-item'>\n\t\t\t\t<a data-elementor-open-lightbox=\"yes\" data-elementor-lightbox-slideshow=\"d931603\" data-elementor-lightbox-title=\"bufete-de-abogados\" data-e-action-hash=\"#elementor-action%3Aaction%3Dlightbox%26settings%3DeyJpZCI6MjQ0LCJ1cmwiOiJodHRwczpcL1wvY2Fub2Fkdm9jYXRzLmNvbVwvd3AtY29udGVudFwvdXBsb2Fkc1wvMjAyMVwvMDNcL0RTQzA3MTYzLmpwZyIsInNsaWRlc2hvdyI6ImQ5MzE2MDMifQ%3D%3D\" href='https:\/\/canoadvocats.com\/wp-content\/uploads\/2021\/03\/DSC07163.jpg'><img loading=\"lazy\" class=\"lazyload\" width=\"150\" height=\"150\" src=\"data:image\/gif;base64,R0lGODlhAQABAIAAAAAAAP\/\/\/yH5BAEAAAAALAAAAAABAAEAAAIBRAA7\" data-src=\"https:\/\/canoadvocats.com\/wp-content\/uploads\/2021\/03\/DSC07163-150x150.jpg\" alt=\"bufete de abogados\" decoding=\"async\" \/><noscript><img loading=\"lazy\" class=\"lazyload\" width=\"150\" height=\"150\" src=\"https:\/\/canoadvocats.com\/wp-content\/uploads\/2021\/03\/DSC07163-150x150.jpg\" alt=\"bufete de abogados\" decoding=\"async\" \/><\/noscript><\/a><br \/>\n\t\t\t<\/figure>\n<figure class='gallery-item'>\n\t\t\t\t<a data-elementor-open-lightbox=\"yes\" data-elementor-lightbox-slideshow=\"d931603\" data-elementor-lightbox-title=\"abogado-derecho-civil\" data-e-action-hash=\"#elementor-action%3Aaction%3Dlightbox%26settings%3DeyJpZCI6MjQ1LCJ1cmwiOiJodHRwczpcL1wvY2Fub2Fkdm9jYXRzLmNvbVwvd3AtY29udGVudFwvdXBsb2Fkc1wvMjAyMVwvMDNcL0RTQzA3MjMwLmpwZyIsInNsaWRlc2hvdyI6ImQ5MzE2MDMifQ%3D%3D\" href='https:\/\/canoadvocats.com\/wp-content\/uploads\/2021\/03\/DSC07230.jpg'><img loading=\"lazy\" class=\"lazyload\" width=\"150\" height=\"150\" src=\"data:image\/gif;base64,R0lGODlhAQABAIAAAAAAAP\/\/\/yH5BAEAAAAALAAAAAABAAEAAAIBRAA7\" data-src=\"https:\/\/canoadvocats.com\/wp-content\/uploads\/2021\/03\/DSC07230-150x150.jpg\" alt=\"abogado derecho civil\" decoding=\"async\" \/><noscript><img loading=\"lazy\" class=\"lazyload\" width=\"150\" height=\"150\" src=\"https:\/\/canoadvocats.com\/wp-content\/uploads\/2021\/03\/DSC07230-150x150.jpg\" alt=\"abogado derecho civil\" decoding=\"async\" \/><\/noscript><\/a><br \/>\n\t\t\t<\/figure>\n<figure class='gallery-item'>\n\t\t\t\t<a data-elementor-open-lightbox=\"yes\" data-elementor-lightbox-slideshow=\"d931603\" data-elementor-lightbox-title=\"abogados-maresme\" data-e-action-hash=\"#elementor-action%3Aaction%3Dlightbox%26settings%3DeyJpZCI6MjQ2LCJ1cmwiOiJodHRwczpcL1wvY2Fub2Fkdm9jYXRzLmNvbVwvd3AtY29udGVudFwvdXBsb2Fkc1wvMjAyMVwvMDNcL0RTQzA3MjkzLmpwZyIsInNsaWRlc2hvdyI6ImQ5MzE2MDMifQ%3D%3D\" href='https:\/\/canoadvocats.com\/wp-content\/uploads\/2021\/03\/DSC07293.jpg'><img loading=\"lazy\" class=\"lazyload\" width=\"150\" height=\"150\" src=\"data:image\/gif;base64,R0lGODlhAQABAIAAAAAAAP\/\/\/yH5BAEAAAAALAAAAAABAAEAAAIBRAA7\" data-src=\"https:\/\/canoadvocats.com\/wp-content\/uploads\/2021\/03\/DSC07293-150x150.jpg\" alt=\"abogados maresme\" decoding=\"async\" \/><noscript><img loading=\"lazy\" class=\"lazyload\" width=\"150\" height=\"150\" src=\"https:\/\/canoadvocats.com\/wp-content\/uploads\/2021\/03\/DSC07293-150x150.jpg\" alt=\"abogados maresme\" decoding=\"async\" \/><\/noscript><\/a><br \/>\n\t\t\t<\/figure>\n<figure class='gallery-item'>\n\t\t\t\t<a data-elementor-open-lightbox=\"yes\" data-elementor-lightbox-slideshow=\"d931603\" data-elementor-lightbox-title=\"abogados-mataro\" data-e-action-hash=\"#elementor-action%3Aaction%3Dlightbox%26settings%3DeyJpZCI6MjQ3LCJ1cmwiOiJodHRwczpcL1wvY2Fub2Fkdm9jYXRzLmNvbVwvd3AtY29udGVudFwvdXBsb2Fkc1wvMjAyMVwvMDNcL0RTQzA3MzA4LmpwZyIsInNsaWRlc2hvdyI6ImQ5MzE2MDMifQ%3D%3D\" href='https:\/\/canoadvocats.com\/wp-content\/uploads\/2021\/03\/DSC07308.jpg'><img loading=\"lazy\" class=\"lazyload\" width=\"150\" height=\"150\" src=\"data:image\/gif;base64,R0lGODlhAQABAIAAAAAAAP\/\/\/yH5BAEAAAAALAAAAAABAAEAAAIBRAA7\" data-src=\"https:\/\/canoadvocats.com\/wp-content\/uploads\/2021\/03\/DSC07308-150x150.jpg\" alt=\"abogados mataro\" decoding=\"async\" \/><noscript><img loading=\"lazy\" class=\"lazyload\" width=\"150\" height=\"150\" src=\"https:\/\/canoadvocats.com\/wp-content\/uploads\/2021\/03\/DSC07308-150x150.jpg\" alt=\"abogados mataro\" decoding=\"async\" \/><\/noscript><\/a><br \/>\n\t\t\t<\/figure>\n<figure class='gallery-item'>\n\t\t\t\t<a data-elementor-open-lightbox=\"yes\" data-elementor-lightbox-slideshow=\"d931603\" data-elementor-lightbox-title=\"despacho-abogados\" data-e-action-hash=\"#elementor-action%3Aaction%3Dlightbox%26settings%3DeyJpZCI6MjQ4LCJ1cmwiOiJodHRwczpcL1wvY2Fub2Fkdm9jYXRzLmNvbVwvd3AtY29udGVudFwvdXBsb2Fkc1wvMjAyMVwvMDNcL0RTQzA3MzEzLmpwZyIsInNsaWRlc2hvdyI6ImQ5MzE2MDMifQ%3D%3D\" href='https:\/\/canoadvocats.com\/wp-content\/uploads\/2021\/03\/DSC07313.jpg'><img loading=\"lazy\" class=\"lazyload\" width=\"150\" height=\"150\" src=\"data:image\/gif;base64,R0lGODlhAQABAIAAAAAAAP\/\/\/yH5BAEAAAAALAAAAAABAAEAAAIBRAA7\" data-src=\"https:\/\/canoadvocats.com\/wp-content\/uploads\/2021\/03\/DSC07313-150x150.jpg\" alt=\"despacho de abogados\" decoding=\"async\" \/><noscript><img loading=\"lazy\" class=\"lazyload\" width=\"150\" height=\"150\" src=\"https:\/\/canoadvocats.com\/wp-content\/uploads\/2021\/03\/DSC07313-150x150.jpg\" alt=\"despacho de abogados\" decoding=\"async\" \/><\/noscript><\/a><br \/>\n\t\t\t<\/figure>\n<figure class='gallery-item'>\n\t\t\t\t<a data-elementor-open-lightbox=\"yes\" data-elementor-lightbox-slideshow=\"d931603\" data-elementor-lightbox-title=\"bufete-abogados\" data-e-action-hash=\"#elementor-action%3Aaction%3Dlightbox%26settings%3DeyJpZCI6MjQ5LCJ1cmwiOiJodHRwczpcL1wvY2Fub2Fkdm9jYXRzLmNvbVwvd3AtY29udGVudFwvdXBsb2Fkc1wvMjAyMVwvMDNcL0RTQzA3MzIzLmpwZyIsInNsaWRlc2hvdyI6ImQ5MzE2MDMifQ%3D%3D\" href='https:\/\/canoadvocats.com\/wp-content\/uploads\/2021\/03\/DSC07323.jpg'><img loading=\"lazy\" class=\"lazyload\" width=\"150\" height=\"150\" src=\"data:image\/gif;base64,R0lGODlhAQABAIAAAAAAAP\/\/\/yH5BAEAAAAALAAAAAABAAEAAAIBRAA7\" data-src=\"https:\/\/canoadvocats.com\/wp-content\/uploads\/2021\/03\/DSC07323-150x150.jpg\" alt=\"bufete de abogados\" decoding=\"async\" \/><noscript><img loading=\"lazy\" class=\"lazyload\" width=\"150\" height=\"150\" src=\"https:\/\/canoadvocats.com\/wp-content\/uploads\/2021\/03\/DSC07323-150x150.jpg\" alt=\"bufete de abogados\" decoding=\"async\" \/><\/noscript><\/a><br \/>\n\t\t\t<\/figure>\n<figure class='gallery-item'>\n\t\t\t\t<a data-elementor-open-lightbox=\"yes\" data-elementor-lightbox-slideshow=\"d931603\" data-elementor-lightbox-title=\"cano\" data-e-action-hash=\"#elementor-action%3Aaction%3Dlightbox%26settings%3DeyJpZCI6MjUwLCJ1cmwiOiJodHRwczpcL1wvY2Fub2Fkdm9jYXRzLmNvbVwvd3AtY29udGVudFwvdXBsb2Fkc1wvMjAyMVwvMDNcL0RTQzA3MzM5LmpwZyIsInNsaWRlc2hvdyI6ImQ5MzE2MDMifQ%3D%3D\" href='https:\/\/canoadvocats.com\/wp-content\/uploads\/2021\/03\/DSC07339.jpg'><img loading=\"lazy\" class=\"lazyload\" width=\"150\" height=\"150\" src=\"data:image\/gif;base64,R0lGODlhAQABAIAAAAAAAP\/\/\/yH5BAEAAAAALAAAAAABAAEAAAIBRAA7\" data-src=\"https:\/\/canoadvocats.com\/wp-content\/uploads\/2021\/03\/DSC07339-150x150.jpg\" alt=\"despacho de abogados\" decoding=\"async\" \/><noscript><img loading=\"lazy\" class=\"lazyload\" width=\"150\" height=\"150\" src=\"https:\/\/canoadvocats.com\/wp-content\/uploads\/2021\/03\/DSC07339-150x150.jpg\" alt=\"despacho de abogados\" decoding=\"async\" \/><\/noscript><\/a><br \/>\n\t\t\t<\/figure>\n<figure class='gallery-item'>\n\t\t\t\t<a data-elementor-open-lightbox=\"yes\" data-elementor-lightbox-slideshow=\"d931603\" data-elementor-lightbox-title=\"Cano1\" data-e-action-hash=\"#elementor-action%3Aaction%3Dlightbox%26settings%3DeyJpZCI6MjUxLCJ1cmwiOiJodHRwczpcL1wvY2Fub2Fkdm9jYXRzLmNvbVwvd3AtY29udGVudFwvdXBsb2Fkc1wvMjAyMVwvMDNcL0Nhbm8xLmpwZyIsInNsaWRlc2hvdyI6ImQ5MzE2MDMifQ%3D%3D\" href='https:\/\/canoadvocats.com\/wp-content\/uploads\/2021\/03\/Cano1.jpg'><img loading=\"lazy\" class=\"lazyload\" width=\"150\" height=\"150\" src=\"data:image\/gif;base64,R0lGODlhAQABAIAAAAAAAP\/\/\/yH5BAEAAAAALAAAAAABAAEAAAIBRAA7\" data-src=\"https:\/\/canoadvocats.com\/wp-content\/uploads\/2021\/03\/Cano1-150x150.jpg\" alt=\"procuradores mataro\" decoding=\"async\" \/><noscript><img loading=\"lazy\" class=\"lazyload\" width=\"150\" height=\"150\" src=\"https:\/\/canoadvocats.com\/wp-content\/uploads\/2021\/03\/Cano1-150x150.jpg\" alt=\"procuradores mataro\" decoding=\"async\" \/><\/noscript><\/a><br \/>\n\t\t\t<\/figure>\n<figure class='gallery-item'>\n\t\t\t\t<a data-elementor-open-lightbox=\"yes\" data-elementor-lightbox-slideshow=\"d931603\" data-elementor-lightbox-title=\"abogados-maresme\" data-e-action-hash=\"#elementor-action%3Aaction%3Dlightbox%26settings%3DeyJpZCI6MjUyLCJ1cmwiOiJodHRwczpcL1wvY2Fub2Fkdm9jYXRzLmNvbVwvd3AtY29udGVudFwvdXBsb2Fkc1wvMjAyMVwvMDNcL0Nhbm80LmpwZyIsInNsaWRlc2hvdyI6ImQ5MzE2MDMifQ%3D%3D\" href='https:\/\/canoadvocats.com\/wp-content\/uploads\/2021\/03\/Cano4.jpg'><img loading=\"lazy\" class=\"lazyload\" width=\"150\" height=\"150\" src=\"data:image\/gif;base64,R0lGODlhAQABAIAAAAAAAP\/\/\/yH5BAEAAAAALAAAAAABAAEAAAIBRAA7\" data-src=\"https:\/\/canoadvocats.com\/wp-content\/uploads\/2021\/03\/Cano4-150x150.jpg\" alt=\"abogados maresme\" decoding=\"async\" \/><noscript><img loading=\"lazy\" class=\"lazyload\" width=\"150\" height=\"150\" src=\"https:\/\/canoadvocats.com\/wp-content\/uploads\/2021\/03\/Cano4-150x150.jpg\" alt=\"abogados maresme\" decoding=\"async\" \/><\/noscript><\/a><br \/>\n\t\t\t<\/figure>\n","protected":false},"excerpt":{"rendered":"<p>Sobre Nosotros: Cano Advocats En\u00a0Cano Advocats, somos un despacho de abogados en Matar\u00f3 y el Maresme independiente, profesional y multidisciplinar que contamos con una amplia experiencia en la prestaci\u00f3n de servicios legales y de asesoramiento jur\u00eddico para particulares y empresas, abarcando las principales ramas del Derecho Civil, Laboral, Administrativo, Mercantil y Penal, tanto a nivel [&hellip;]<\/p>\n","protected":false},"author":1,"featured_media":0,"parent":0,"menu_order":0,"comment_status":"closed","ping_status":"closed","template":"elementor_header_footer","meta":{"footnotes":""},"class_list":["post-18","page","type-page","status-publish","hentry"],"_links":{"self":[{"href":"https:\/\/canoadvocats.com\/es\/wp-json\/wp\/v2\/pages\/18","targetHints":{"allow":["GET"]}}],"collection":[{"href":"https:\/\/canoadvocats.com\/es\/wp-json\/wp\/v2\/pages"}],"about":[{"href":"https:\/\/canoadvocats.com\/es\/wp-json\/wp\/v2\/types\/page"}],"author":[{"embeddable":true,"href":"https:\/\/canoadvocats.com\/es\/wp-json\/wp\/v2\/users\/1"}],"replies":[{"embeddable":true,"href":"https:\/\/canoadvocats.com\/es\/wp-json\/wp\/v2\/comments?post=18"}],"version-history":[{"count":7,"href":"https:\/\/canoadvocats.com\/es\/wp-json\/wp\/v2\/pages\/18\/revisions"}],"predecessor-version":[{"id":1552,"href":"https:\/\/canoadvocats.com\/es\/wp-json\/wp\/v2\/pages\/18\/revisions\/1552"}],"wp:attachment":[{"href":"https:\/\/canoadvocats.com\/es\/wp-json\/wp\/v2\/media?parent=18"}],"curies":[{"name":"wp","href":"https:\/\/api.w.org\/{rel}","templated":true}]}}